{"id":18555,"date":"2017-11-30T17:47:48","date_gmt":"2017-11-30T17:47:48","guid":{"rendered":"https:\/\/www.icar.cnr.it\/informativa-estesa-sui-cookie\/"},"modified":"2023-09-05T11:47:11","modified_gmt":"2023-09-05T11:47:11","slug":"informativa-estesa-sui-cookie","status":"publish","type":"page","link":"https:\/\/www.icar.cnr.it\/en\/informativa-estesa-sui-cookie\/","title":{"rendered":"Informativa estesa sui cookie"},"content":{"rendered":"[vc_row][vc_column][vc_column_text css=&#8221;.vc_custom_1512064058017{margin-top: 30px !important;margin-bottom: 50px !important;}&#8221;]\n<p class=\"COOKPM-policytitle\">I Cookie sono costituiti da porzioni di codice installate all&#8217;interno del browser che assistono il Titolare nell\u2019erogazione del servizio in base alle finalit\u00e0 descritte. Alcune delle finalit\u00e0 di installazione dei Cookie potrebbero, inoltre, necessitare del consenso dell&#8217;Utente.<\/p>\n<h2>Cookie tecnici<\/h2>\n<p class=\"COOKPM-sub\">I cookie tecnici sono utilizzati al solo fine di erogare i servizi offerti dal sito; per la loro installazione non \u00e8 richiesto il preventivo consenso degli utenti.<\/p>\n<div class=\"COOKPM-servizio\">\n<h2>Attivit\u00e0 strettamente necessarie al funzionamento<\/h2>\n<p>Questo Sito utilizza Cookie per salvare la sessione dell&#8217;Utente e per svolgere altre attivit\u00e0 strettamente necessarie al funzionamento dello stesso.<\/p>\n<\/div>\n<h2>Altre tipologie di Cookie o strumenti terzi che potrebbero farne utilizzo<\/h2>\n<p class=\"COOKPM-sub\">Alcuni dei servizi elencati di seguito raccolgono statistiche in forma aggregata e potrebbero non richiedere il consenso dell&#8217;Utente o potrebbero essere gestiti direttamente dal Titolare \u2013 a seconda di quanto descritto \u2013 senza l&#8217;ausilio di terzi. Qualora fra gli strumenti indicati in seguito fossero presenti servizi gestiti da terzi, questi potrebbero \u2013 in aggiunta a quanto specificato ed anche all\u2019insaputa del Titolare \u2013 compiere attivit\u00e0 di tracciamento dell\u2019Utente. Per informazioni dettagliate in merito, si consiglia di consultare le privacy policy dei servizi elencati.<\/p>\n<div class=\"COOKPM-servizio\">\n<p><strong>Google Analytics (Google Inc.)<\/strong><\/p>\n<p>Google Analytics \u00e8 un servizio di analisi web fornito da Google Inc. (\u201cGoogle\u201d). Google utilizza i Dati Personali raccolti allo scopo di tracciare ed esaminare l\u2019utilizzo di questo Sito, compilare report e condividerli con gli altri servizi sviluppati da Google. Google potrebbe utilizzare i Dati Personali per contestualizzare e personalizzare gli annunci del proprio network pubblicitario.<\/p>\n<p>Dati personali raccolti: Cookie e Dati di utilizzo.<\/p>\n<p>Luogo del trattamento: USA<\/p>\n<p><a href=\"http:\/\/www.google.com\/intl\/it\/policies\/privacy\/\" target=\"_blank\" rel=\"noopener\">Privacy Policy<\/a> \u2013 <a href=\"http:\/\/tools.google.com\/dlpage\/gaoptout?hl=it\" target=\"_blank\" rel=\"noopener\">Opt Out<\/a><\/p>\n<\/div>\n<p><strong>Social Network<\/strong><br \/>\nPer la condivisione su alcuni tra i principali social network (Twitter, Instagram, YouTube e LinkedIn),<br \/>\nalcune informazioni personali potrebbero essere acquisite dai gestori delle piattaforme di social network<br \/>\nogni volta che l\u2019Utente decide di interagire con i plug-in. Per maggiori informazioni sulle logiche e le<br \/>\nmodalit\u00e0 di trattamento dei dati raccolti, gli utenti sono invitati a leggere le note informative sulla privacy<br \/>\nfornite dai soggetti che forniscono i servizi in questione:<br \/>\nTwitter:\u00a0http:\/\/twitter.com\/privacy<br \/>\nInstagram:\u00a0<a href=\"http:\/\/www.instagram.com\/legal\/privacy\">http:\/\/www.instagram.com\/legal\/privacy<\/a><br \/>\nYouTube:\u00a0<a href=\"https:\/\/www.google.it\/intl\/it\/policies\/privacy\">https:\/\/www.google.it\/intl\/it\/policies\/privacy<\/a><br \/>\nLinkedIn:\u00a0<a href=\"https:\/\/www.linkedin.com\/legal\/privacy-policy\">https:\/\/www.linkedin.com\/legal\/privacy-policy<\/a><\/p>\n<h2>Come posso controllare l&#8217;installazione di Cookie?<\/h2>\n<p class=\"COOKPM-sub\">In aggiunta a quanto indicato in questo documento, l&#8217;Utente pu\u00f2 gestire le preferenze relative ai Cookie direttamente all&#8217;interno del proprio browser ed impedire \u2013 ad esempio \u2013 che terze parti possano installarne. Tramite le preferenze del browser \u00e8 inoltre possibile eliminare i Cookie installati in passato, incluso il Cookie in cui venga eventualmente salvato il consenso all&#8217;installazione di Cookie da parte di questo sito.<\/p>\n<h2><strong>Dati di contatto<\/strong><\/h2>\n<p><strong>Titolare e Responsabile del trattamento<\/strong><\/p>\n<p>Il Titolare del trattamento \u00e8 il Consiglio Nazionale delle Ricerche (CNR), Piazzale Aldo Moro, 7, 00185 Roma (IT) PEC: <a href=\"mailto:protocollo-ammcen@pec.cnr.it\">protocollo-ammcen@pec.cnr.it<\/a><br \/>\nIl punto di contatto del Titolare per l\u2019esercizio dei diritti dell\u2019interessato per i trattamenti nell\u2019ambito dell\u2019Istituto CNR-ICAR \u00e8 il Direttore di Istituto raggiungibile al seguente indirizzo: via Pietro Bucci, cubo 8\/9 C Rende (CS) \u2013 87036.<br \/>\ne-mail: <a href=\"mailto:direttore@icar.cnr.it\">direttore@icar.cnr.it<\/a><br \/>\nIl Responsabile per la Protezione dei Dati del CNR (c.d. DPO o RPD) \u00e8 contattabile al seguente indirizzo: Responsabile della protezione dei dati del CNR, Piazzale Aldo Moro, 7, 00185 ROMA, e-mail: <a href=\"mailto:rpd@cnr.it\">rpd@cnr.it<\/a><\/p>\n<h2>Finalit\u00e0 e trattamento dei dati<\/h2>\n<p>Come sancito dall\u2019art. 13 del Regolamento UE 2016\/679, si comunica che il trattamento dei dati personali del sito riguarda esclusivamente ai dati personali acquisiti in relazione al raggiungimento dei fini istituzionali dell\u2019Istituto, o connessi all\u2019esercizio dei compiti di interesse pubblico e all\u2019esercizio di pubblici poteri cui \u00e8 chiamato, ivi incluse le finalit\u00e0 di trasparenza, comunicazione, ricerca e divulgazione scientifica ed analisi per scopi statistici, di didattica e di amministrazione, ai sensi dell\u2019art. 6, comma 1, lett. e) e, in particolare, al fine di fornire e migliorare i servizi web offerti. Secondo la normativa indicata, tale trattamento sar\u00e0 improntato ai principi di correttezza, liceit\u00e0, trasparenza e di tutela della riservatezza.<\/p>\n<p>Il trattamento dei dati sar\u00e0 effettuato attraverso strumenti informatici e telematici, con modalit\u00e0 di organizzazione ed elaborazione dei dati, collegate alle finalit\u00e0 sopra riportate, con l\u2019intento altres\u00ec di garantirne la riservatezza e l\u2019integrit\u00e0; speciali misure di sicurezza sono osservate per prevenire la perdita dei dati, usi illeciti o non corretti ed accessi non autorizzati.<\/p>\n<p>Alcune pagine possono richiedere dati personali: si fa presente che il loro mancato conferimento pu\u00f2 comportare l\u2019impossibilit\u00e0 di raggiungere le finalit\u00e0 cui il trattamento \u00e8 connesso.<\/p>\n<p>I dati stessi non saranno comunicati a terzi, n\u00e9 saranno oggetto di diffusione.<\/p>\n<p>I collegamenti a siti esterni sono forniti come semplice servizio agli utenti, con esclusione di ogni responsabilit\u00e0 rispetto alla completezza e alla correttezza delle informazioni fornite nei siti terzi stessi. Il Titolare e il gestore del sito CNR-ICAR non ha infatti alcun potere di controllo sui contenuti o sul loro utilizzo e sulla qualit\u00e0, correttezza e completezza delle informazioni di siti esterni le cui responsabilit\u00e0 ricadono direttamente sui relativi titolari e\/o responsabili.<\/p>\n<p>CNR-ICAR non adotta nel sito web istituzionale alcun processo decisionale automatizzato, compresa la profilazione, di cui all\u2019articolo 22, paragrafi 1 e 4, del GDPR 2016\/679.<\/p>\n<h2>Conservazione dei dati<\/h2>\n<p>I dati saranno conservati per il tempo necessario al conseguimento delle finalit\u00e0 per le quali sono raccolti e trattati, nel rispetto dei principi di liceit\u00e0, limitazione delle finalit\u00e0 e minimizzazione dei dati, ai sensi dell\u2019art. 5 GDPR 2016\/679.<\/p>\n<h2>Diritti degli interessati<\/h2>\n<p>Gli interessati hanno il diritto, in qualunque momento, di chiedere al titolare del trattamento l\u2019accesso ai dati personali e la rettifica o la cancellazione degli stessi o la limitazione del trattamento che li riguarda o di opporsi al trattamento secondo quanto previsto dagli art. dal 15 al 22 del Regolamento UE 2016\/679. L\u2019interessato pu\u00f2 esercitare questi diritti tramite istanza al Titolare del trattamento dati. Agli interessati, ricorrendone i presupposti, \u00e8 riconosciuto inoltre il diritto di proporre reclamo al Garante della privacy quale autorit\u00e0 di controllo (<a href=\"https:\/\/www.garanteprivacy.it\">https:\/\/www.garanteprivacy.it<\/a>).<\/p>\n","protected":false},"excerpt":{"rendered":"<p>[vc_row][vc_column][vc_column_text css=&#8221;.vc_custom_1512064058017{margin-top: 30px !important;margin-bottom: 50px !important;}&#8221;] I Cookie sono costituiti da porzioni di codice installate all&#8217;interno del browser che assistono il Titolare nell\u2019erogazione del servizio in base alle finalit\u00e0 descritte. Alcune delle finalit\u00e0 di installazione dei Cookie potrebbero, inoltre, necessitare&hellip;<\/p>\n","protected":false},"author":1,"featured_media":0,"parent":0,"menu_order":0,"comment_status":"closed","ping_status":"closed","template":"","meta":{"_acf_changed":false,"footnotes":""},"class_list":["post-18555","page","type-page","status-publish","hentry","entry","no-media"],"acf":[],"_links":{"self":[{"href":"https:\/\/www.icar.cnr.it\/en\/wp-json\/wp\/v2\/pages\/18555","targetHints":{"allow":["GET"]}}],"collection":[{"href":"https:\/\/www.icar.cnr.it\/en\/wp-json\/wp\/v2\/pages"}],"about":[{"href":"https:\/\/www.icar.cnr.it\/en\/wp-json\/wp\/v2\/types\/page"}],"author":[{"embeddable":true,"href":"https:\/\/www.icar.cnr.it\/en\/wp-json\/wp\/v2\/users\/1"}],"replies":[{"embeddable":true,"href":"https:\/\/www.icar.cnr.it\/en\/wp-json\/wp\/v2\/comments?post=18555"}],"version-history":[{"count":2,"href":"https:\/\/www.icar.cnr.it\/en\/wp-json\/wp\/v2\/pages\/18555\/revisions"}],"predecessor-version":[{"id":18558,"href":"https:\/\/www.icar.cnr.it\/en\/wp-json\/wp\/v2\/pages\/18555\/revisions\/18558"}],"wp:attachment":[{"href":"https:\/\/www.icar.cnr.it\/en\/wp-json\/wp\/v2\/media?parent=18555"}],"curies":[{"name":"wp","href":"https:\/\/api.w.org\/{rel}","templated":true}]}}